{"id":33,"date":"2026-02-09T16:33:49","date_gmt":"2026-02-09T16:33:49","guid":{"rendered":"https:\/\/fmbusiness.eu\/projects\/"},"modified":"2026-02-24T10:11:59","modified_gmt":"2026-02-24T10:11:59","slug":"projekty","status":"publish","type":"page","link":"https:\/\/fmbusiness.eu\/en\/projekty\/","title":{"rendered":"Projects"},"content":{"rendered":"<div class=\"wp-block-uagb-container uagb-block-a57a8b3a alignfull uagb-is-root-container\"><div class=\"uagb-container-inner-blocks-wrap\">\n<div class=\"wp-block-uagb-container uagb-block-2d872f4c\">\n<div class=\"wp-block-uagb-advanced-heading uagb-block-53803fdd\"><div class=\"uagb-separator\"><\/div><h3 class=\"uagb-heading-text\"><strong>What We Did?<\/strong><\/h3><\/div>\n\n\n\n<div class=\"wp-block-uagb-advanced-heading uagb-block-58cf006d\"><h1 class=\"uagb-heading-text\"><strong>We Take Great Pride In Our Work.<\/strong><\/h1><\/div>\n<\/div>\n<\/div><\/div>\n\n\n\n<div class=\"wp-block-uagb-container uagb-block-f7dfadf1 alignfull uagb-is-root-container\"><div class=\"uagb-container-inner-blocks-wrap\">\n<div class=\"wp-block-uagb-container uagb-block-f56a6656\">\n<div class=\"wp-block-uagb-container uagb-block-1f7b79c4\">\n<div class=\"wp-block-uagb-advanced-heading uagb-block-b30ff48e\"><div class=\"uagb-separator\"><\/div><h2 class=\"uagb-heading-text\">Projects.<\/h2><\/div>\n<\/div>\n\n\n\n<div class=\"wp-block-uagb-container uagb-block-5bf9c68a\">\n<div class=\"wp-block-uagb-advanced-heading uagb-block-f3c57a79\"><h4 class=\"uagb-heading-text\">Our projects reflect a performance-driven approach focused on real business outcomes.<\/h4><p class=\"uagb-desc-text\">Each collaboration is built around clear objectives, precise execution, and measurable results.<br><br>From lead generation campaigns to websites, branding, and outreach initiatives, we deliver solutions that support growth and long-term value.<br>We don\u2019t showcase volume \u2014 we showcase work that makes business sense.<\/p><\/div>\n<\/div>\n<\/div>\n<\/div><\/div>\n\n\n\n<div class=\"wp-block-uagb-container uagb-block-4a97b09d alignfull uagb-is-root-container\"><div class=\"uagb-container-inner-blocks-wrap\">\n<div class=\"wp-block-uagb-container uagb-block-1696418b\">\n<div class=\"wp-block-uagb-image aligncenter uagb-block-5e1b99dd wp-block-uagb-image--layout-default wp-block-uagb-image--effect-static wp-block-uagb-image--align-center alignright\"><figure class=\"wp-block-uagb-image__figure\"><img decoding=\"async\" srcset=\"https:\/\/fmbusiness.eu\/wp-content\/uploads\/2023\/03\/portfolio-image-05-free-img.jpg \" sizes=\"auto, (max-width: 480px) 150px\" src=\"https:\/\/fmbusiness.eu\/wp-content\/uploads\/2023\/03\/portfolio-image-05-free-img.jpg\" alt=\"\" class=\"uag-image-63\" width=\"550\" height=\"400\" title=\"\" loading=\"lazy\" role=\"img\"\/><\/figure><\/div>\n\n\n\n<div class=\"wp-block-uagb-image aligncenter uagb-block-1afb5e71 wp-block-uagb-image--layout-default wp-block-uagb-image--effect-static wp-block-uagb-image--align-center alignright\"><figure class=\"wp-block-uagb-image__figure\"><img decoding=\"async\" srcset=\"https:\/\/fmbusiness.eu\/wp-content\/uploads\/2023\/03\/portfolio-image-07-free-img.jpg \" sizes=\"auto, (max-width: 480px) 150px\" src=\"https:\/\/fmbusiness.eu\/wp-content\/uploads\/2023\/03\/portfolio-image-07-free-img.jpg\" alt=\"\" class=\"uag-image-65\" width=\"550\" height=\"400\" title=\"\" loading=\"lazy\" role=\"img\"\/><\/figure><\/div>\n\n\n\n<div class=\"wp-block-uagb-image aligncenter uagb-block-49feae4f wp-block-uagb-image--layout-default wp-block-uagb-image--effect-static wp-block-uagb-image--align-center alignright\"><figure class=\"wp-block-uagb-image__figure\"><img decoding=\"async\" srcset=\"https:\/\/fmbusiness.eu\/wp-content\/uploads\/2023\/03\/portfolio-image-09-free-img.jpg \" sizes=\"auto, (max-width: 480px) 150px\" src=\"https:\/\/fmbusiness.eu\/wp-content\/uploads\/2023\/03\/portfolio-image-09-free-img.jpg\" alt=\"\" class=\"uag-image-595\" width=\"550\" height=\"530\" title=\"\" loading=\"lazy\" role=\"img\"\/><\/figure><\/div>\n\n\n\n<div class=\"wp-block-uagb-image aligncenter uagb-block-cb7144ed wp-block-uagb-image--layout-default wp-block-uagb-image--effect-static wp-block-uagb-image--align-center alignright\"><figure class=\"wp-block-uagb-image__figure\"><img decoding=\"async\" srcset=\"https:\/\/fmbusiness.eu\/wp-content\/uploads\/2023\/03\/portfolio-image-10-free-img.jpg ,https:\/\/fmbusiness.eu\/wp-content\/uploads\/2023\/03\/portfolio-image-10-free-img.jpg 780w\" sizes=\"auto, (max-width: 480px) 150px\" src=\"https:\/\/fmbusiness.eu\/wp-content\/uploads\/2023\/03\/portfolio-image-10-free-img.jpg\" alt=\"\" class=\"uag-image-596\" width=\"550\" height=\"720\" title=\"\" loading=\"lazy\" role=\"img\"\/><\/figure><\/div>\n<\/div>\n\n\n\n<div class=\"wp-block-uagb-container uagb-block-251e124a\">\n<div class=\"wp-block-uagb-image uagb-block-1ba3260d wp-block-uagb-image--layout-default wp-block-uagb-image--effect-static wp-block-uagb-image--align-none\"><figure class=\"wp-block-uagb-image__figure\"><img decoding=\"async\" srcset=\"https:\/\/fmbusiness.eu\/wp-content\/uploads\/2023\/03\/portfolio-image-06-free-img.jpg \" sizes=\"auto, (max-width: 480px) 150px\" src=\"https:\/\/fmbusiness.eu\/wp-content\/uploads\/2023\/03\/portfolio-image-06-free-img.jpg\" alt=\"\" class=\"uag-image-64\" width=\"550\" height=\"630\" title=\"\" loading=\"lazy\" role=\"img\"\/><\/figure><\/div>\n\n\n\n<div class=\"wp-block-uagb-image uagb-block-0e7dc866 wp-block-uagb-image--layout-default wp-block-uagb-image--effect-static wp-block-uagb-image--align-none\"><figure class=\"wp-block-uagb-image__figure\"><img decoding=\"async\" srcset=\"https:\/\/fmbusiness.eu\/wp-content\/uploads\/2023\/03\/portfolio-image-11-free-img.jpg \" sizes=\"auto, (max-width: 480px) 150px\" src=\"https:\/\/fmbusiness.eu\/wp-content\/uploads\/2023\/03\/portfolio-image-11-free-img.jpg\" alt=\"\" class=\"uag-image-597\" width=\"550\" height=\"421\" title=\"\" loading=\"lazy\" role=\"img\"\/><\/figure><\/div>\n\n\n\n<div class=\"wp-block-uagb-image uagb-block-eec7db9f wp-block-uagb-image--layout-default wp-block-uagb-image--effect-static wp-block-uagb-image--align-none\"><figure class=\"wp-block-uagb-image__figure\"><img decoding=\"async\" srcset=\"https:\/\/fmbusiness.eu\/wp-content\/uploads\/2023\/03\/portfolio-image-05-free-img.jpg \" sizes=\"auto, (max-width: 480px) 150px\" src=\"https:\/\/fmbusiness.eu\/wp-content\/uploads\/2023\/03\/portfolio-image-05-free-img.jpg\" alt=\"\" class=\"uag-image-63\" width=\"550\" height=\"400\" title=\"\" loading=\"lazy\" role=\"img\"\/><\/figure><\/div>\n\n\n\n<div class=\"wp-block-uagb-image uagb-block-88728d34 wp-block-uagb-image--layout-default wp-block-uagb-image--effect-static wp-block-uagb-image--align-none\"><figure class=\"wp-block-uagb-image__figure\"><img decoding=\"async\" srcset=\"https:\/\/fmbusiness.eu\/wp-content\/uploads\/2023\/03\/portfolio-image-08-free-img.jpg \" sizes=\"auto, (max-width: 480px) 150px\" src=\"https:\/\/fmbusiness.eu\/wp-content\/uploads\/2023\/03\/portfolio-image-08-free-img.jpg\" alt=\"\" class=\"uag-image-66\" width=\"550\" height=\"470\" title=\"\" loading=\"lazy\" role=\"img\"\/><\/figure><\/div>\n<\/div>\n<\/div><\/div>\n\n\n\n<div class=\"wp-block-uagb-container uagb-block-4d4ae93c alignfull uagb-is-root-container\"><div class=\"uagb-container-inner-blocks-wrap\">\n<div class=\"wp-block-uagb-info-box uagb-block-3b57339c uagb-infobox__content-wrap  uagb-infobox-icon-above-title uagb-infobox-image-valign-top wp-block-uagb-info-box--has-margin\"><div class=\"uagb-infobox-margin-wrapper\"><div class=\"uagb-ifb-content\"><div class=\"uagb-ifb-title-wrap\"><div class=\"uagb-ifb-separator\"><\/div><h2 class=\"uagb-ifb-title\">Ready to Generate Leads That Convert?<\/h2><\/div><\/div><\/div><\/div>\n\n\n\n<div class=\"wp-block-uagb-container uagb-block-59302081\">\n<div class=\"wp-block-uagb-advanced-heading uagb-block-468a5ce3\"><div class=\"uagb-separator\"><\/div><h4 class=\"uagb-heading-text\">Let\u2019s discuss your goals and design a strategy tailored to your market.<\/h4><\/div>\n<\/div>\n\n\n\n<div class=\"wp-block-uagb-buttons uagb-buttons__outer-wrap uagb-btn__default-btn uagb-btn-tablet__default-btn uagb-btn-mobile__default-btn uagb-block-3a9b8877\"><div class=\"uagb-buttons__wrap uagb-buttons-layout-wrap\">\n<div class=\"wp-block-uagb-buttons-child uagb-buttons__outer-wrap uagb-block-08ecc542 wp-block-button\"><div class=\"uagb-button__wrapper\"><a class=\"uagb-buttons-repeater ast-outline-button\" aria-label=\"\" style=\"border-width:revert-layer\" href=\"https:\/\/fmbusiness.eu\/en\/kontakt\/\" rel=\"follow noopener\" target=\"_self\" role=\"button\"><div class=\"uagb-button__link\">Contact us.<\/div><\/a><\/div><\/div>\n<\/div><\/div>\n<\/div><\/div>","protected":false},"excerpt":{"rendered":"<p>\u010co sme realizovali? Na na\u0161u pr\u00e1cu sme hrd\u00ed. Projekty. Na\u0161e projekty odr\u00e1\u017eaj\u00fa v\u00fdkonnostne orientovan\u00fd pr\u00edstup zameran\u00fd na skuto\u010dn\u00e9 obchodn\u00e9 v\u00fdsledky. Ka\u017ed\u00e1 spolupr\u00e1ca je postaven\u00e1 na jasn\u00fdch cie\u013eoch, presnej realiz\u00e1cii a merate\u013en\u00fdch v\u00fdsledkoch. Od lead generation kampan\u00ed a\u017e po weby, branding a akvizi\u010dn\u00e9 aktivity prin\u00e1\u0161ame rie\u0161enia podporuj\u00face rast a dlhodob\u00fa hodnotu.Neukazujeme kvantitu \u2014 ukazujeme pr\u00e1cu s [&hellip;]<\/p>\n","protected":false},"author":1,"featured_media":0,"parent":0,"menu_order":0,"comment_status":"closed","ping_status":"closed","template":"","meta":{"_uag_custom_page_level_css":"","site-sidebar-layout":"no-sidebar","site-content-layout":"page-builder","ast-site-content-layout":"full-width-container","site-content-style":"unboxed","site-sidebar-style":"unboxed","ast-global-header-display":"","ast-banner-title-visibility":"","ast-main-header-display":"","ast-hfb-above-header-display":"","ast-hfb-below-header-display":"","ast-hfb-mobile-header-display":"","site-post-title":"disabled","ast-breadcrumbs-content":"","ast-featured-img":"","footer-sml-layout":"","ast-disable-related-posts":"","theme-transparent-header-meta":"enabled","adv-header-id-meta":"","stick-header-meta":"","header-above-stick-meta":"","header-main-stick-meta":"","header-below-stick-meta":"","astra-migrate-meta-layouts":"set","ast-page-background-enabled":"default","ast-page-background-meta":{"desktop":{"background-color":"","background-image":"","background-repeat":"repeat","background-position":"center center","background-size":"auto","background-attachment":"scroll","background-type":"","background-media":"","overlay-type":"","overlay-color":"","overlay-opacity":"","overlay-gradient":""},"tablet":{"background-color":"","background-image":"","background-repeat":"repeat","background-position":"center center","background-size":"auto","background-attachment":"scroll","background-type":"","background-media":"","overlay-type":"","overlay-color":"","overlay-opacity":"","overlay-gradient":""},"mobile":{"background-color":"","background-image":"","background-repeat":"repeat","background-position":"center center","background-size":"auto","background-attachment":"scroll","background-type":"","background-media":"","overlay-type":"","overlay-color":"","overlay-opacity":"","overlay-gradient":""}},"ast-content-background-meta":{"desktop":{"background-color":"var(--ast-global-color-5)","background-image":"","background-repeat":"repeat","background-position":"center center","background-size":"auto","background-attachment":"scroll","background-type":"","background-media":"","overlay-type":"","overlay-color":"","overlay-opacity":"","overlay-gradient":""},"tablet":{"background-color":"var(--ast-global-color-5)","background-image":"","background-repeat":"repeat","background-position":"center center","background-size":"auto","background-attachment":"scroll","background-type":"","background-media":"","overlay-type":"","overlay-color":"","overlay-opacity":"","overlay-gradient":""},"mobile":{"background-color":"var(--ast-global-color-5)","background-image":"","background-repeat":"repeat","background-position":"center center","background-size":"auto","background-attachment":"scroll","background-type":"","background-media":"","overlay-type":"","overlay-color":"","overlay-opacity":"","overlay-gradient":""}},"footnotes":""},"class_list":["post-33","page","type-page","status-publish","hentry"],"aioseo_notices":[],"_hostinger_reach_plugin_has_subscription_block":false,"_hostinger_reach_plugin_is_elementor":false,"uagb_featured_image_src":{"full":false,"thumbnail":false,"medium":false,"medium_large":false,"large":false,"1536x1536":false,"2048x2048":false,"trp-custom-language-flag":false},"uagb_author_info":{"display_name":"fmbusinesssro22@proton.me","author_link":"https:\/\/fmbusiness.eu\/en\/author\/fmbusinesssro22proton-me\/"},"uagb_comment_info":0,"uagb_excerpt":"\u010co sme realizovali? Na na\u0161u pr\u00e1cu sme hrd\u00ed. Projekty. Na\u0161e projekty odr\u00e1\u017eaj\u00fa v\u00fdkonnostne orientovan\u00fd pr\u00edstup zameran\u00fd na skuto\u010dn\u00e9 obchodn\u00e9 v\u00fdsledky. Ka\u017ed\u00e1 spolupr\u00e1ca je postaven\u00e1 na jasn\u00fdch cie\u013eoch, presnej realiz\u00e1cii a merate\u013en\u00fdch v\u00fdsledkoch. Od lead generation kampan\u00ed a\u017e po weby, branding a akvizi\u010dn\u00e9 aktivity prin\u00e1\u0161ame rie\u0161enia podporuj\u00face rast a dlhodob\u00fa hodnotu.Neukazujeme kvantitu \u2014 ukazujeme pr\u00e1cu s&hellip;","_links":{"self":[{"href":"https:\/\/fmbusiness.eu\/en\/wp-json\/wp\/v2\/pages\/33","targetHints":{"allow":["GET"]}}],"collection":[{"href":"https:\/\/fmbusiness.eu\/en\/wp-json\/wp\/v2\/pages"}],"about":[{"href":"https:\/\/fmbusiness.eu\/en\/wp-json\/wp\/v2\/types\/page"}],"author":[{"embeddable":true,"href":"https:\/\/fmbusiness.eu\/en\/wp-json\/wp\/v2\/users\/1"}],"replies":[{"embeddable":true,"href":"https:\/\/fmbusiness.eu\/en\/wp-json\/wp\/v2\/comments?post=33"}],"version-history":[{"count":7,"href":"https:\/\/fmbusiness.eu\/en\/wp-json\/wp\/v2\/pages\/33\/revisions"}],"predecessor-version":[{"id":2568,"href":"https:\/\/fmbusiness.eu\/en\/wp-json\/wp\/v2\/pages\/33\/revisions\/2568"}],"wp:attachment":[{"href":"https:\/\/fmbusiness.eu\/en\/wp-json\/wp\/v2\/media?parent=33"}],"curies":[{"name":"wp","href":"https:\/\/api.w.org\/{rel}","templated":true}]}}