{"id":23,"date":"2026-02-09T16:33:49","date_gmt":"2026-02-09T16:33:49","guid":{"rendered":"https:\/\/fmbusiness.eu\/about\/"},"modified":"2026-02-24T10:11:24","modified_gmt":"2026-02-24T10:11:24","slug":"o-nas","status":"publish","type":"page","link":"https:\/\/fmbusiness.eu\/en\/o-nas\/","title":{"rendered":"About Us"},"content":{"rendered":"<div class=\"wp-block-uagb-container uagb-block-5ebb848a alignfull uagb-is-root-container\"><div class=\"uagb-container-inner-blocks-wrap\">\n<div class=\"wp-block-uagb-container uagb-block-c557ed12\">\n<div class=\"wp-block-uagb-advanced-heading uagb-block-db87b98a\"><div class=\"uagb-separator\"><\/div><h1 class=\"uagb-heading-text\">Who we are?<\/h1><\/div>\n\n\n\n<div class=\"wp-block-uagb-advanced-heading uagb-block-740db74e\"><h3 class=\"uagb-heading-text\">We are a marketing agency focused on business growth through structured, data-driven lead generation.<\/h3><\/div>\n<\/div>\n<\/div><\/div>\n\n\n\n<div class=\"wp-block-uagb-container uagb-block-d2bd58ec alignfull uagb-is-root-container\"><div class=\"uagb-container-inner-blocks-wrap\">\n<div class=\"wp-block-uagb-container uagb-block-fd1ec261 alignfull uagb-is-root-container\"><div class=\"uagb-container-inner-blocks-wrap\">\n<div class=\"wp-block-uagb-container uagb-block-61cfdf06\">\n<div class=\"wp-block-uagb-container uagb-block-8eb47f7b\">\n<div class=\"wp-block-uagb-advanced-heading uagb-block-d81fe7f3\"><div class=\"uagb-separator\"><\/div><h2 class=\"uagb-heading-text\">Our mission is simple.<\/h2><\/div>\n<\/div>\n\n\n\n<div class=\"wp-block-uagb-container uagb-block-93315884\">\n<div class=\"wp-block-uagb-advanced-heading uagb-block-b4704fdd\"><h4 class=\"uagb-heading-text\"><strong>FM Business Services s.r.o.<\/strong><\/h4><p class=\"uagb-desc-text\">We connect our clients with the right audience, at the right time, with the right message \u2014 and turn interest into revenue.<br><br>Our culture <strong>is built around performance, accountability, and clarity.<\/strong>We believe successful marketing is not based on assumptions or trends, but on data, testing, and continuous improvement.<br><br>We operate <strong>with a conversion-first mindset,<\/strong>focusing on lead quality, relevance, and long-term value rather than short-term metrics. Transparency is central to how we work \u2014 from clear communication to honest reporting and realistic expectations.<br><br>At FM Business Services, we see ourselves not as vendors, <strong>but as long-term partners.<\/strong>We work closely with our clients to understand their business, sales process, and market dynamics, ensuring that every campaign supports sustainable growth.<\/p><\/div>\n<\/div>\n<\/div>\n<\/div><\/div>\n<\/div><\/div>\n\n\n\n<div class=\"wp-block-uagb-container uagb-block-4d4ae93c alignfull uagb-is-root-container\"><div class=\"uagb-container-inner-blocks-wrap\">\n<div class=\"wp-block-uagb-info-box uagb-block-3b57339c uagb-infobox__content-wrap  uagb-infobox-icon-above-title uagb-infobox-image-valign-top\"><div class=\"uagb-ifb-content\"><div class=\"uagb-ifb-title-wrap\"><div class=\"uagb-ifb-separator\"><\/div><h2 class=\"uagb-ifb-title\">dont be shy, say hello.<\/h2><\/div><\/div><\/div>\n\n\n\n<div class=\"wp-block-uagb-buttons uagb-buttons__outer-wrap uagb-btn__default-btn uagb-btn-tablet__default-btn uagb-btn-mobile__default-btn uagb-block-3a9b8877\"><div class=\"uagb-buttons__wrap uagb-buttons-layout-wrap\">\n<div class=\"wp-block-uagb-buttons-child uagb-buttons__outer-wrap uagb-block-08ecc542 wp-block-button\"><div class=\"uagb-button__wrapper\"><a class=\"uagb-buttons-repeater ast-outline-button\" aria-label=\"\" style=\"border-width:revert-layer\" href=\"https:\/\/fmbusiness.eu\/en\/kontakt\/\" rel=\"follow noopener\" target=\"_self\" role=\"button\"><div class=\"uagb-button__link\">Contact us.<\/div><\/a><\/div><\/div>\n<\/div><\/div>\n<\/div><\/div>","protected":false},"excerpt":{"rendered":"<p>Kto sme? Sme marketingov\u00e1 agent\u00fara zameran\u00e1 na rast firiem prostredn\u00edctvom \u0161trukt\u00farovan\u00e9ho, d\u00e1tovo riaden\u00e9ho generovania leadov. Na\u0161a misia je jednoduch\u00e1. FM Business Services s.r.o. Sp\u00e1jame na\u0161ich klientov so spr\u00e1vnym publikom, v spr\u00e1vnom \u010dase a so spr\u00e1vnym posolstvom \u2014 a premie\u0148ame z\u00e1ujem na tr\u017eby. Na\u0161a kult\u00fara stoj\u00ed na v\u00fdkone, zodpovednosti a preh\u013eadnosti. Ver\u00edme, \u017ee \u00faspe\u0161n\u00fd marketing nevznik\u00e1 [&hellip;]<\/p>\n","protected":false},"author":1,"featured_media":0,"parent":0,"menu_order":0,"comment_status":"closed","ping_status":"closed","template":"","meta":{"_uag_custom_page_level_css":"","site-sidebar-layout":"no-sidebar","site-content-layout":"page-builder","ast-site-content-layout":"full-width-container","site-content-style":"unboxed","site-sidebar-style":"unboxed","ast-global-header-display":"","ast-banner-title-visibility":"","ast-main-header-display":"","ast-hfb-above-header-display":"","ast-hfb-below-header-display":"","ast-hfb-mobile-header-display":"","site-post-title":"disabled","ast-breadcrumbs-content":"","ast-featured-img":"","footer-sml-layout":"","ast-disable-related-posts":"","theme-transparent-header-meta":"enabled","adv-header-id-meta":"","stick-header-meta":"","header-above-stick-meta":"","header-main-stick-meta":"","header-below-stick-meta":"","astra-migrate-meta-layouts":"set","ast-page-background-enabled":"default","ast-page-background-meta":{"desktop":{"background-color":"","background-image":"","background-repeat":"repeat","background-position":"center center","background-size":"auto","background-attachment":"scroll","background-type":"","background-media":"","overlay-type":"","overlay-color":"","overlay-opacity":"","overlay-gradient":""},"tablet":{"background-color":"","background-image":"","background-repeat":"repeat","background-position":"center center","background-size":"auto","background-attachment":"scroll","background-type":"","background-media":"","overlay-type":"","overlay-color":"","overlay-opacity":"","overlay-gradient":""},"mobile":{"background-color":"","background-image":"","background-repeat":"repeat","background-position":"center center","background-size":"auto","background-attachment":"scroll","background-type":"","background-media":"","overlay-type":"","overlay-color":"","overlay-opacity":"","overlay-gradient":""}},"ast-content-background-meta":{"desktop":{"background-color":"var(--ast-global-color-5)","background-image":"","background-repeat":"repeat","background-position":"center center","background-size":"auto","background-attachment":"scroll","background-type":"","background-media":"","overlay-type":"","overlay-color":"","overlay-opacity":"","overlay-gradient":""},"tablet":{"background-color":"var(--ast-global-color-5)","background-image":"","background-repeat":"repeat","background-position":"center center","background-size":"auto","background-attachment":"scroll","background-type":"","background-media":"","overlay-type":"","overlay-color":"","overlay-opacity":"","overlay-gradient":""},"mobile":{"background-color":"var(--ast-global-color-5)","background-image":"","background-repeat":"repeat","background-position":"center center","background-size":"auto","background-attachment":"scroll","background-type":"","background-media":"","overlay-type":"","overlay-color":"","overlay-opacity":"","overlay-gradient":""}},"footnotes":""},"class_list":["post-23","page","type-page","status-publish","hentry"],"aioseo_notices":[],"_hostinger_reach_plugin_has_subscription_block":false,"_hostinger_reach_plugin_is_elementor":false,"uagb_featured_image_src":{"full":false,"thumbnail":false,"medium":false,"medium_large":false,"large":false,"1536x1536":false,"2048x2048":false,"trp-custom-language-flag":false},"uagb_author_info":{"display_name":"fmbusinesssro22@proton.me","author_link":"https:\/\/fmbusiness.eu\/en\/author\/fmbusinesssro22proton-me\/"},"uagb_comment_info":0,"uagb_excerpt":"Kto sme? Sme marketingov\u00e1 agent\u00fara zameran\u00e1 na rast firiem prostredn\u00edctvom \u0161trukt\u00farovan\u00e9ho, d\u00e1tovo riaden\u00e9ho generovania leadov. Na\u0161a misia je jednoduch\u00e1. FM Business Services s.r.o. Sp\u00e1jame na\u0161ich klientov so spr\u00e1vnym publikom, v spr\u00e1vnom \u010dase a so spr\u00e1vnym posolstvom \u2014 a premie\u0148ame z\u00e1ujem na tr\u017eby. Na\u0161a kult\u00fara stoj\u00ed na v\u00fdkone, zodpovednosti a preh\u013eadnosti. Ver\u00edme, \u017ee \u00faspe\u0161n\u00fd marketing nevznik\u00e1&hellip;","_links":{"self":[{"href":"https:\/\/fmbusiness.eu\/en\/wp-json\/wp\/v2\/pages\/23","targetHints":{"allow":["GET"]}}],"collection":[{"href":"https:\/\/fmbusiness.eu\/en\/wp-json\/wp\/v2\/pages"}],"about":[{"href":"https:\/\/fmbusiness.eu\/en\/wp-json\/wp\/v2\/types\/page"}],"author":[{"embeddable":true,"href":"https:\/\/fmbusiness.eu\/en\/wp-json\/wp\/v2\/users\/1"}],"replies":[{"embeddable":true,"href":"https:\/\/fmbusiness.eu\/en\/wp-json\/wp\/v2\/comments?post=23"}],"version-history":[{"count":10,"href":"https:\/\/fmbusiness.eu\/en\/wp-json\/wp\/v2\/pages\/23\/revisions"}],"predecessor-version":[{"id":2566,"href":"https:\/\/fmbusiness.eu\/en\/wp-json\/wp\/v2\/pages\/23\/revisions\/2566"}],"wp:attachment":[{"href":"https:\/\/fmbusiness.eu\/en\/wp-json\/wp\/v2\/media?parent=23"}],"curies":[{"name":"wp","href":"https:\/\/api.w.org\/{rel}","templated":true}]}}